{"id":852,"date":"2018-02-09T09:32:41","date_gmt":"2018-02-09T07:32:41","guid":{"rendered":"https:\/\/www.100graus.net\/?page_id=852"},"modified":"2023-05-24T07:21:34","modified_gmt":"2023-05-24T05:21:34","slug":"quienes-somos","status":"publish","type":"page","link":"https:\/\/www.100graus.net\/es\/quienes-somos\/","title":{"rendered":"Qui\u00e9nes somos"},"content":{"rendered":"<div class=\"wpb-content-wrapper\"><p>[vc_row css_animation=\u00bb\u00bb row_type=\u00bbrow\u00bb use_row_as_full_screen_section=\u00bbno\u00bb type=\u00bbfull_width\u00bb angled_section=\u00bbno\u00bb text_align=\u00bbleft\u00bb background_image_as_pattern=\u00bbwithout_pattern\u00bb z_index=\u00bb\u00bb][vc_column][vc_single_image image=\u00bb660&#8243; img_size=\u00bbfull\u00bb alignment=\u00bbcenter\u00bb qode_css_animation=\u00bb\u00bb][\/vc_column][\/vc_row][vc_row css_animation=\u00bb\u00bb row_type=\u00bbrow\u00bb use_row_as_full_screen_section=\u00bbno\u00bb type=\u00bbgrid\u00bb angled_section=\u00bbno\u00bb text_align=\u00bbleft\u00bb background_image_as_pattern=\u00bbwithout_pattern\u00bb z_index=\u00bb\u00bb padding_top=\u00bb15&#8243; padding_bottom=\u00bb50&#8243;][vc_column][vc_column_text]<\/p>\n<p style=\"text-align: right;\"><a href=\"\/es\/\">Inicio<\/a> &gt; Qui\u00e9nes somos<\/p>\n<p>[\/vc_column_text][\/vc_column][\/vc_row][vc_row css_animation=\u00bb\u00bb row_type=\u00bbrow\u00bb use_row_as_full_screen_section=\u00bbno\u00bb type=\u00bbgrid\u00bb angled_section=\u00bbno\u00bb text_align=\u00bbleft\u00bb background_image_as_pattern=\u00bbwithout_pattern\u00bb css=\u00bb.vc_custom_1684905693373{background-position: center !important;background-repeat: no-repeat !important;background-size: cover !important;}\u00bb z_index=\u00bb\u00bb padding_top=\u00bb25&#8243; padding_bottom=\u00bb75&#8243; anchor=\u00bbinici\u00bb][vc_column offset=\u00bbvc_col-md-4&#8243;][vc_column_text]<strong>Profesionales al servicio de la seguridad y la innovaci\u00f3n alimentaria<\/strong>[\/vc_column_text][vc_separator type=\u00bbsmall\u00bb position=\u00bbleft\u00bb color=\u00bb#000000&#8243; thickness=\u00bb1&#8243; up=\u00bb15&#8243; down=\u00bb15&#8243;][vc_column_text]<\/p>\n<h1>TRABAJO EN EQUIPO, LA CLAVE DEL \u00c9XITO<\/h1>\n<p>[\/vc_column_text][vc_empty_space height=\u00bb50&#8243;][vc_column_text]En 100graus Aliment\u00e0ria creemos en el trabajo especializado para poder dar un servicio \u00f3ptimo y personalizado a cada cliente. Estamos especializados en seguridad alimentaria, pero a trav\u00e9s de nuestros colaboradores podemos trabajar tambi\u00e9n en temas de medio ambiente.[\/vc_column_text][vc_empty_space height=\u00bb25&#8243;]<a  itemprop=\"url\" href=\"\/es\/contacto\/\" target=\"_self\"  class=\"qbutton  default\" style=\"\">CONTACTA CON NOSOTROS<\/a>[vc_empty_space height=\u00bb25&#8243;][\/vc_column][vc_column offset=\u00bbvc_col-md-8&#8243;][vc_single_image image=\u00bb672&#8243; img_size=\u00bbfull\u00bb alignment=\u00bbright\u00bb qode_css_animation=\u00bb\u00bb][vc_empty_space height=\u00bb25&#8243;][\/vc_column][\/vc_row][vc_row css_animation=\u00bb\u00bb row_type=\u00bbrow\u00bb use_row_as_full_screen_section=\u00bbno\u00bb type=\u00bbgrid\u00bb angled_section=\u00bbno\u00bb text_align=\u00bbleft\u00bb background_image_as_pattern=\u00bbwithout_pattern\u00bb z_index=\u00bb\u00bb padding_bottom=\u00bb75&#8243; padding_top=\u00bb25&#8243;][vc_column width=\u00bb2\/3&#8243;][vc_column_text]<\/p>\n<h2>SUSANNA ALABERN PUNT\u00cd<\/h2>\n<p>[\/vc_column_text][vc_separator type=\u00bbsmall\u00bb position=\u00bbleft\u00bb color=\u00bb#000000&#8243; thickness=\u00bb1&#8243; up=\u00bb15&#8243; down=\u00bb15&#8243;][vc_column_text]<strong>Licenciada en tecnolog\u00eda de los alimentos<\/strong>[\/vc_column_text][vc_empty_space height=\u00bb50&#8243;][vc_column_text]Soy Susanna, tecn\u00f3loga de los alimentos, auditora IRCA y directora de 100graus. Asesorar, implantar normas de seguridad alimentaria y formar la industria es parte de mi d\u00eda a d\u00eda, pero lo mejor de todo es sentir que formas parte de cada uno de los proyectos en los que nos implicamos.<\/p>\n<p>&nbsp;<\/p>\n<blockquote>\n<p><em><strong>Pienso que tengo suerte de poder trabajar cada d\u00eda con nuevos retos, de disfrutar haciendo auditor\u00edas y de aportar mi experiencia y mi conocimiento para conseguir juntos una mejora continua desde el punto de vista laboral y, tambi\u00e9n, personal.<\/strong><\/em><\/p>\n<\/blockquote>\n<p>&nbsp;<\/p>\n<p>100graus Aliment\u00e0ria naci\u00f3 en 2005 con el fin de acompa\u00f1ar a las empresas en su mejora continua. En 2011 entro a formar parte del equipo como asesora t\u00e9cnica y no es hasta 2016 que logro el reto de ponerme al frente de 100grados Alimentaria.<\/p>\n<p>&nbsp;<\/p>\n<p>Actualmente trabajo en cooperaci\u00f3n con un grupo de profesionales para poder conseguir la mejora continua en las empresas en la gesti\u00f3n del sistema de seguridad e inocuidad alimentaria.[\/vc_column_text][vc_empty_space height=\u00bb25&#8243;][\/vc_column][vc_column width=\u00bb1\/3&#8243;][vc_single_image image=\u00bb669&#8243; img_size=\u00bbfull\u00bb qode_css_animation=\u00bb\u00bb][vc_empty_space height=\u00bb25&#8243;][qode_elements_holder number_of_columns=\u00bbone_column\u00bb][qode_elements_holder_item advanced_animations=\u00bbno\u00bb background_color=\u00bb#a93233&#8243; item_padding=\u00bb50px 50px 50px 30px\u00bb][vc_single_image image=\u00bb516&#8243; img_size=\u00bbfull\u00bb qode_css_animation=\u00bb\u00bb][vc_empty_space height=\u00bb50&#8243;][vc_column_text]<\/p>\n<p style=\"text-align: right;\"><span style=\"color: #ffffff;\"><strong>Los 3 ejes:<br \/>\nasesorar, implantar y formar.<\/strong><\/span><\/p>\n<p>[\/vc_column_text][\/qode_elements_holder_item][\/qode_elements_holder][\/vc_column][\/vc_row]<\/p>\n<\/div>","protected":false},"excerpt":{"rendered":"<p>[vc_row css_animation=\u00bb\u00bb row_type=\u00bbrow\u00bb use_row_as_full_screen_section=\u00bbno\u00bb type=\u00bbfull_width\u00bb angled_section=\u00bbno\u00bb text_align=\u00bbleft\u00bb background_image_as_pattern=\u00bbwithout_pattern\u00bb z_index=\u00bb\u00bb][vc_column][vc_single_image image=\u00bb660&#8243; img_size=\u00bbfull\u00bb alignment=\u00bbcenter\u00bb qode_css_animation=\u00bb\u00bb][\/vc_column][\/vc_row][vc_row css_animation=\u00bb\u00bb row_type=\u00bbrow\u00bb use_row_as_full_screen_section=\u00bbno\u00bb type=\u00bbgrid\u00bb angled_section=\u00bbno\u00bb text_align=\u00bbleft\u00bb background_image_as_pattern=\u00bbwithout_pattern\u00bb z_index=\u00bb\u00bb padding_top=\u00bb15&#8243; padding_bottom=\u00bb50&#8243;][vc_column][vc_column_text] Inicio &gt; Qui\u00e9nes somos [\/vc_column_text][\/vc_column][\/vc_row][vc_row css_animation=\u00bb\u00bb row_type=\u00bbrow\u00bb use_row_as_full_screen_section=\u00bbno\u00bb type=\u00bbgrid\u00bb angled_section=\u00bbno\u00bb text_align=\u00bbleft\u00bb background_image_as_pattern=\u00bbwithout_pattern\u00bb css=\u00bb.vc_custom_1684905693373{background-position: center !important;background-repeat: no-repeat !important;background-size: cover !important;}\u00bb z_index=\u00bb\u00bb padding_top=\u00bb25&#8243; padding_bottom=\u00bb75&#8243;&hellip; <a class=\"continue\" href=\"https:\/\/www.100graus.net\/es\/quienes-somos\/\">CONTINUAR >><span> Qui\u00e9nes somos<\/span><\/a><\/p>\n","protected":false},"author":1,"featured_media":0,"parent":0,"menu_order":0,"comment_status":"closed","ping_status":"open","template":"full_width.php","meta":{"footnotes":""},"class_list":["post-852","page","type-page","status-publish","hentry"],"_links":{"self":[{"href":"https:\/\/www.100graus.net\/es\/wp-json\/wp\/v2\/pages\/852","targetHints":{"allow":["GET"]}}],"collection":[{"href":"https:\/\/www.100graus.net\/es\/wp-json\/wp\/v2\/pages"}],"about":[{"href":"https:\/\/www.100graus.net\/es\/wp-json\/wp\/v2\/types\/page"}],"author":[{"embeddable":true,"href":"https:\/\/www.100graus.net\/es\/wp-json\/wp\/v2\/users\/1"}],"replies":[{"embeddable":true,"href":"https:\/\/www.100graus.net\/es\/wp-json\/wp\/v2\/comments?post=852"}],"version-history":[{"count":4,"href":"https:\/\/www.100graus.net\/es\/wp-json\/wp\/v2\/pages\/852\/revisions"}],"predecessor-version":[{"id":901,"href":"https:\/\/www.100graus.net\/es\/wp-json\/wp\/v2\/pages\/852\/revisions\/901"}],"wp:attachment":[{"href":"https:\/\/www.100graus.net\/es\/wp-json\/wp\/v2\/media?parent=852"}],"curies":[{"name":"wp","href":"https:\/\/api.w.org\/{rel}","templated":true}]}}