{"id":848,"date":"2023-05-09T10:56:32","date_gmt":"2023-05-09T08:56:32","guid":{"rendered":"https:\/\/www.100graus.net\/?page_id=848"},"modified":"2023-05-24T07:21:18","modified_gmt":"2023-05-24T05:21:18","slug":"formacion-personalizada-a-medida","status":"publish","type":"page","link":"https:\/\/www.100graus.net\/es\/que-hacemos\/formacion-personalizada-a-medida\/","title":{"rendered":"Formaci\u00f3n personalizada a medida"},"content":{"rendered":"<div class=\"wpb-content-wrapper\"><p>[vc_row css_animation=\u00bb\u00bb row_type=\u00bbrow\u00bb use_row_as_full_screen_section=\u00bbno\u00bb type=\u00bbfull_width\u00bb angled_section=\u00bbno\u00bb text_align=\u00bbleft\u00bb background_image_as_pattern=\u00bbwithout_pattern\u00bb z_index=\u00bb\u00bb][vc_column][vc_single_image image=\u00bb676&#8243; img_size=\u00bbfull\u00bb alignment=\u00bbcenter\u00bb qode_css_animation=\u00bb\u00bb][\/vc_column][\/vc_row][vc_row css_animation=\u00bb\u00bb row_type=\u00bbrow\u00bb use_row_as_full_screen_section=\u00bbno\u00bb type=\u00bbgrid\u00bb angled_section=\u00bbno\u00bb text_align=\u00bbleft\u00bb background_image_as_pattern=\u00bbwithout_pattern\u00bb z_index=\u00bb\u00bb padding_top=\u00bb15&#8243; padding_bottom=\u00bb50&#8243;][vc_column][vc_column_text]<\/p>\n<p style=\"text-align: right;\"><a href=\"\/es\/\">Inicio<\/a> &gt; <a href=\"\/es\/que-hacemos\/\">Qu\u00e9 hacemos<\/a> &gt; Formaci\u00f3n personalizada a medida<\/p>\n<p>[\/vc_column_text][\/vc_column][\/vc_row][vc_row css_animation=\u00bb\u00bb row_type=\u00bbrow\u00bb use_row_as_full_screen_section=\u00bbno\u00bb type=\u00bbgrid\u00bb angled_section=\u00bbno\u00bb text_align=\u00bbleft\u00bb background_image_as_pattern=\u00bbwithout_pattern\u00bb css=\u00bb.vc_custom_1684905678008{background-position: center !important;background-repeat: no-repeat !important;background-size: cover !important;}\u00bb z_index=\u00bb\u00bb padding_top=\u00bb25&#8243; padding_bottom=\u00bb75&#8243; anchor=\u00bbinici\u00bb][vc_column offset=\u00bbvc_col-md-4&#8243;][vc_column_text]<strong>\u00bfQu\u00e9 hacemos?<\/strong>[\/vc_column_text][vc_separator type=\u00bbsmall\u00bb position=\u00bbleft\u00bb color=\u00bb#000000&#8243; thickness=\u00bb1&#8243; up=\u00bb15&#8243; down=\u00bb15&#8243;][vc_column_text]<\/p>\n<h1>FORMACI\u00d3N<br \/>\nPERSONALIZA<br \/>\n-DA A MEDIDA<\/h1>\n<p>[\/vc_column_text][vc_empty_space height=\u00bb50&#8243;][vc_column_text]Dise\u00f1o y ejecuci\u00f3n de planes de formaci\u00f3n muy efectivos, concentrados y a medida a trav\u00e9s de C\u00e1psulas Formativas.<\/p>\n<p>&nbsp;<\/p>\n<p>Tambi\u00e9n le podemos dar asesoramiento y formaci\u00f3n de las novedades legislativas y nuevas versiones de los est\u00e1ndares.[\/vc_column_text][vc_empty_space height=\u00bb25&#8243;][\/vc_column][vc_column offset=\u00bbvc_col-md-8&#8243;][vc_single_image image=\u00bb728&#8243; img_size=\u00bbfull\u00bb alignment=\u00bbright\u00bb qode_css_animation=\u00bb\u00bb][vc_empty_space height=\u00bb25&#8243;][\/vc_column][\/vc_row][vc_row css_animation=\u00bb\u00bb row_type=\u00bbrow\u00bb use_row_as_full_screen_section=\u00bbno\u00bb type=\u00bbgrid\u00bb angled_section=\u00bbno\u00bb text_align=\u00bbleft\u00bb background_image_as_pattern=\u00bbwithout_pattern\u00bb z_index=\u00bb\u00bb padding_bottom=\u00bb75&#8243; padding_top=\u00bb25&#8243;][vc_column width=\u00bb1\/3&#8243;][qode_elements_holder number_of_columns=\u00bbone_column\u00bb][qode_elements_holder_item advanced_animations=\u00bbno\u00bb background_color=\u00bb#317222&#8243; item_padding=\u00bb15px 25px 25px 25px\u00bb][vc_empty_space height=\u00bb25&#8243;]<span data-type=\"normal\"  class=\"qode_icon_shortcode  q_font_awsome_icon fa-3x pull-center \" style=\" \"><i class=\"qode_icon_font_awesome fa fa-question qode_icon_element\" style=\"font-size: 50px;color: #ffffff;\" ><\/i><\/span>[vc_empty_space height=\u00bb25&#8243;][vc_column_text]<\/p>\n<h2 style=\"text-align: center;\"><span style=\"color: #ffffff;\">Formaci\u00f3n personalizada<br \/>\na medida<\/span><\/h2>\n<p>[\/vc_column_text][vc_empty_space height=\u00bb50&#8243;][vc_column_text]<span style=\"color: #ffffff;\"><strong>\u00bfPor qu\u00e9 es importante la formaci\u00f3n para nuestros trabajadores?<\/strong><\/span><\/p>\n<p>&nbsp;<\/p>\n<p><span style=\"color: #ffffff;\">La formaci\u00f3n y capacitaci\u00f3n del personal de la industria alimentaria son b\u00e1sicas para alcanzar un buen nivel de cultura de seguridad alimentaria mediante la mejora continua.<\/span>[\/vc_column_text][vc_empty_space height=\u00bb50&#8243;]<a  itemprop=\"url\" href=\"\/es\/contacto\/\" target=\"_self\" data-hover-background-color='#ffffff' data-hover-border-color='#ffffff' data-hover-color='#317222' class=\"qbutton  default\" style=\"color: #ffffff; border-color: #ffffff; background-color: #317222;\">CONTACTA CON NOSOTROS<\/a>[vc_empty_space height=\u00bb25&#8243;][\/qode_elements_holder_item][\/qode_elements_holder][vc_empty_space height=\u00bb25&#8243;][\/vc_column][vc_column width=\u00bb1\/3&#8243;][vc_empty_space height=\u00bb10&#8243; css=\u00bb.vc_custom_1681728608735{background-color: #317222 !important;}\u00bb][qode_elements_holder number_of_columns=\u00bbone_column\u00bb][qode_elements_holder_item advanced_animations=\u00bbno\u00bb background_color=\u00bb#f4f4f4&#8243; item_padding=\u00bb50px 50px 50px 50px\u00bb][vc_column_text]<\/p>\n<h3 class=\"icon_title\">Formaci\u00f3n en APPCC (An\u00e1lisis de Peligros y Puntos Cr\u00edticos de Control)<\/h3>\n<p>[\/vc_column_text][vc_separator type=\u00bbsmall\u00bb position=\u00bbleft\u00bb color=\u00bb#000000&#8243; thickness=\u00bb1&#8243; up=\u00bb15&#8243; down=\u00bb50&#8243;][vc_column_text]La formaci\u00f3n en APPCC (An\u00e1lisis de Peligros y Puntos Cr\u00edticos de Control) consiste en la adquisici\u00f3n de conocimientos y habilidades para implantar y mantener un plan de APPCC en una empresa del sector alimentario. Puede incluir la introducci\u00f3n en la APPCC, la identificaci\u00f3n de peligros, el establecimiento de puntos cr\u00edticos de control, la monitorizaci\u00f3n y la verificaci\u00f3n del plan, la documentaci\u00f3n del plan de APPCC y la implantaci\u00f3n y el mantenimiento correspondiente.[\/vc_column_text][\/qode_elements_holder_item][\/qode_elements_holder][vc_empty_space height=\u00bb25&#8243;][vc_empty_space height=\u00bb10&#8243; css=\u00bb.vc_custom_1681728622203{background-color: #317222 !important;}\u00bb][qode_elements_holder number_of_columns=\u00bbone_column\u00bb][qode_elements_holder_item advanced_animations=\u00bbno\u00bb background_color=\u00bb#f4f4f4&#8243; item_padding=\u00bb50px 50px 50px 50px\u00bb][vc_column_text]<\/p>\n<h3 class=\"icon_title\">Curso de Buenas pr\u00e1cticas<\/h3>\n<p>[\/vc_column_text][vc_separator type=\u00bbsmall\u00bb position=\u00bbleft\u00bb color=\u00bb#000000&#8243; thickness=\u00bb1&#8243; up=\u00bb15&#8243; down=\u00bb50&#8243;][vc_column_text]Un curso de buenas pr\u00e1cticas en seguridad alimentaria es un programa formativo que se centra en las pr\u00e1cticas y protocolos necesarios para garantizar la seguridad y la calidad de los alimentos. Este tipo de curso proporciona conocimientos sobre las buenas pr\u00e1cticas de higiene, la adecuada manipulaci\u00f3n de los alimentos y las medidas preventivas para evitar la contaminaci\u00f3n alimentaria.<\/p>\n<p>&nbsp;<\/p>\n<p>Un curso de buenas pr\u00e1cticas en seguridad alimentaria es adecuado para cualquier persona que trabaje en el sector alimentario, tales como cocineros, manipuladores de alimentos, personal de servicio y propietarios de empresas alimentarias.[\/vc_column_text][\/qode_elements_holder_item][\/qode_elements_holder][vc_empty_space height=\u00bb25&#8243;][\/vc_column][vc_column width=\u00bb1\/3&#8243;][vc_empty_space height=\u00bb10&#8243; css=\u00bb.vc_custom_1681728631896{background-color: #317222 !important;}\u00bb][qode_elements_holder number_of_columns=\u00bbone_column\u00bb][qode_elements_holder_item advanced_animations=\u00bbno\u00bb background_color=\u00bb#f4f4f4&#8243; item_padding=\u00bb50px 50px 50px 50px\u00bb][vc_column_text]<\/p>\n<h3>Curso en Seguridad alimentaria<\/h3>\n<p>[\/vc_column_text][vc_separator type=\u00bbsmall\u00bb position=\u00bbleft\u00bb color=\u00bb#000000&#8243; thickness=\u00bb1&#8243; up=\u00bb15&#8243; down=\u00bb50&#8243;][vc_column_text]Un curso de seguridad alimentaria es un programa formativo dise\u00f1ado para proporcionar conocimientos y habilidades a fin de prevenir y controlar los peligros alimenticios. Los cursos de seguridad alimentaria est\u00e1n dise\u00f1ados para cubrir los principales temas relacionados con la seguridad alimentaria, incluyendo higiene, prevenci\u00f3n de la contaminaci\u00f3n, control de la calidad y gesti\u00f3n de la seguridad alimentaria.[\/vc_column_text][\/qode_elements_holder_item][\/qode_elements_holder][vc_empty_space height=\u00bb25&#8243;][vc_empty_space height=\u00bb10&#8243; css=\u00bb.vc_custom_1681728644742{background-color: #317222 !important;}\u00bb][qode_elements_holder number_of_columns=\u00bbone_column\u00bb][qode_elements_holder_item advanced_animations=\u00bbno\u00bb background_color=\u00bb#f4f4f4&#8243; item_padding=\u00bb50px 50px 50px 50px\u00bb][vc_column_text]<\/p>\n<h3 class=\"icon_title\">Formaci\u00f3n en IFS (International Featured Standards)<\/h3>\n<p>[\/vc_column_text][vc_separator type=\u00bbsmall\u00bb position=\u00bbleft\u00bb color=\u00bb#000000&#8243; thickness=\u00bb1&#8243; up=\u00bb15&#8243; down=\u00bb50&#8243;][vc_column_text]Durante el curso en IFS, los participantes pueden aprender sobre los requisitos de las diferentes normas IFS, que incluyen IFS Food, IFS Logistics, IFS Broker y otros. Tambi\u00e9n se proporcionan informaciones sobre el proceso de auditor\u00eda IFS, los documentos necesarios para la auditor\u00eda y las pr\u00e1cticas recomendadas para la implantaci\u00f3n de un sistema de gesti\u00f3n de seguridad alimentaria seg\u00fan normas IFS.[\/vc_column_text][\/qode_elements_holder_item][\/qode_elements_holder][vc_empty_space height=\u00bb25&#8243;][vc_empty_space height=\u00bb10&#8243; css=\u00bb.vc_custom_1681728644742{background-color: #317222 !important;}\u00bb][qode_elements_holder number_of_columns=\u00bbone_column\u00bb][qode_elements_holder_item advanced_animations=\u00bbno\u00bb background_color=\u00bb#f4f4f4&#8243; item_padding=\u00bb50px 50px 50px 50px\u00bb][vc_column_text]<\/p>\n<h3 class=\"icon_title\">Formaci\u00f3n en BRCGS (British Retail Consortium Global Standards)<\/h3>\n<p>[\/vc_column_text][vc_separator type=\u00bbsmall\u00bb position=\u00bbleft\u00bb color=\u00bb#000000&#8243; thickness=\u00bb1&#8243; up=\u00bb15&#8243; down=\u00bb50&#8243;][vc_column_text]Durante el curso BRCGS, los participantes pueden aprender sobre los requisitos de las diferentes normas BRCGS, como BRCGS Food, BRCGS Storage and Distribution, BRCGS Packaging and Packaging Materials, entre otros. Tambi\u00e9n se proporcionan informaciones sobre el proceso de auditor\u00eda BRCGS, los documentos necesarios para la auditor\u00eda y las pr\u00e1cticas recomendadas para la implantaci\u00f3n de un sistema de gesti\u00f3n de seguridad alimentaria seg\u00fan normas BRCGS.[\/vc_column_text][\/qode_elements_holder_item][\/qode_elements_holder][\/vc_column][\/vc_row][vc_row css_animation=\u00bb\u00bb row_type=\u00bbrow\u00bb use_row_as_full_screen_section=\u00bbno\u00bb type=\u00bbgrid\u00bb angled_section=\u00bbno\u00bb text_align=\u00bbleft\u00bb background_image_as_pattern=\u00bbwithout_pattern\u00bb css=\u00bb.vc_custom_1683622648261{background-color: #317222 !important;}\u00bb z_index=\u00bb\u00bb padding_top=\u00bb50&#8243; padding_bottom=\u00bb50&#8243; anchor=\u00bbformacio\u00bb][vc_column width=\u00bb3\/4&#8243;][vc_column_text]<span style=\"color: #ffffff;\"><strong>Nos gustar\u00eda que nos contaras qu\u00e9 formaci\u00f3n puede convenir m\u00e1s a nuestros trabajadores, qu\u00e9 duraci\u00f3n tiene, qu\u00e9 costes nos puede comportar\u2026<\/strong><\/span>[\/vc_column_text][\/vc_column][vc_column width=\u00bb1\/4&#8243;][vc_empty_space height=\u00bb15&#8243;]<a  itemprop=\"url\" href=\"\/es\/contacto\/\" target=\"_self\" data-hover-background-color='#ffffff' data-hover-border-color='#ffffff' data-hover-color='#317222' class=\"qbutton  default\" style=\"color: #ffffff; border-color: #ffffff; background-color: #317222;\">M\u00c1S INFORMACI\u00d3N<\/a>[\/vc_column][\/vc_row][vc_row css_animation=\u00bb\u00bb row_type=\u00bbrow\u00bb use_row_as_full_screen_section=\u00bbno\u00bb type=\u00bbgrid\u00bb angled_section=\u00bbno\u00bb text_align=\u00bbcenter\u00bb background_image_as_pattern=\u00bbwithout_pattern\u00bb z_index=\u00bb\u00bb padding_top=\u00bb50&#8243; padding_bottom=\u00bb50&#8243;][vc_column width=\u00bb1\/3&#8243;][vc_single_image image=\u00bb700&#8243; img_size=\u00bbfull\u00bb qode_css_animation=\u00bb\u00bb][qode_elements_holder number_of_columns=\u00bbone_column\u00bb][qode_elements_holder_item advanced_animations=\u00bbno\u00bb background_color=\u00bb#a93233&#8243; item_padding=\u00bb15px 25px 25px 25px\u00bb][vc_empty_space height=\u00bb25&#8243;]<span data-type=\"normal\"  class=\"qode_icon_shortcode  q_font_awsome_icon fa-3x pull-center \" style=\" \"><i class=\"qode_icon_font_awesome fa fa-check qode_icon_element\" style=\"font-size: 50px;color: #ffffff;\" ><\/i><\/span>[vc_empty_space height=\u00bb25&#8243;][vc_column_text]<\/p>\n<h2 style=\"text-align: center;\"><span style=\"color: #ffffff;\">Auditor\u00edas internas IFS<br \/>\ny BRCGS<\/span><\/h2>\n<p>&nbsp;<\/p>\n<p style=\"text-align: center;\"><span style=\"color: #ffffff;\">Realizamos auditor\u00edas internas de distintos est\u00e1ndares de seguridad alimentaria con auditores competentes (acreditados IRCA).<\/span><\/p>\n<p><span style=\"color: #ffffff;\">\u00a0<\/span>[\/vc_column_text][vc_empty_space height=\u00bb25&#8243;]<a  itemprop=\"url\" href=\"\/es\/que-hacemos\/auditorias-internas-ifs-y-brcgs\/\" target=\"_self\" data-hover-background-color='#ffffff' data-hover-border-color='#ffffff' data-hover-color='#a93233' class=\"qbutton  default\" style=\"color: #ffffff; border-color: #ffffff; background-color: #a93233;\">M\u00c1S INFORMACI\u00d3N<\/a>[vc_empty_space height=\u00bb25&#8243;][\/qode_elements_holder_item][\/qode_elements_holder][vc_empty_space height=\u00bb25&#8243;][\/vc_column][vc_column width=\u00bb1\/3&#8243;][vc_single_image image=\u00bb720&#8243; img_size=\u00bbfull\u00bb qode_css_animation=\u00bb\u00bb][qode_elements_holder number_of_columns=\u00bbone_column\u00bb][qode_elements_holder_item advanced_animations=\u00bbno\u00bb background_color=\u00bb#151415&#8243; item_padding=\u00bb15px 25px 25px 25px\u00bb][vc_empty_space height=\u00bb25&#8243;]<span data-type=\"normal\"  class=\"qode_icon_shortcode  q_font_awsome_icon fa-3x pull-center \" style=\" \"><i class=\"qode_icon_font_awesome fa fa-anchor qode_icon_element\" style=\"font-size: 50px;color: #ffffff;\" ><\/i><\/span>[vc_empty_space height=\u00bb25&#8243;][vc_column_text]<\/p>\n<h2 style=\"text-align: center;\"><span style=\"color: #ffffff;\">Implantaci\u00f3n de normas<br \/>\ny consultor\u00eda<\/span><\/h2>\n<p>&nbsp;<\/p>\n<p style=\"text-align: center;\"><span style=\"color: #ffffff;\">Le ayudamos a resolver dudas sobre las normas de reconocimiento alimentario global (GFSI), APPCC\u2026 ya implantarlas.<\/span><\/p>\n<p><span style=\"color: #ffffff;\">\u00a0<\/span>[\/vc_column_text][vc_empty_space height=\u00bb25&#8243;]<a  itemprop=\"url\" href=\"\/es\/que-hacemos\/implantacion-de-normas-y-consultoria\/\" target=\"_self\" data-hover-background-color='#ffffff' data-hover-border-color='#ffffff' data-hover-color='#151415' class=\"qbutton  default\" style=\"color: #ffffff; border-color: #ffffff; background-color: #151415;\">M\u00c1S INFORMACI\u00d3N<\/a>[vc_empty_space height=\u00bb25&#8243;][\/qode_elements_holder_item][\/qode_elements_holder][vc_empty_space height=\u00bb25&#8243;][\/vc_column][vc_column width=\u00bb1\/3&#8243;][vc_single_image image=\u00bb655&#8243; img_size=\u00bbfull\u00bb qode_css_animation=\u00bb\u00bb][qode_elements_holder number_of_columns=\u00bbone_column\u00bb][qode_elements_holder_item advanced_animations=\u00bbno\u00bb background_color=\u00bb#317222&#8243; item_padding=\u00bb15px 25px 25px 25px\u00bb][vc_empty_space height=\u00bb25&#8243;]<span data-type=\"normal\"  class=\"qode_icon_shortcode  q_font_awsome_icon fa-3x pull-center \" style=\" \"><i class=\"qode_icon_font_awesome fa fa-question qode_icon_element\" style=\"font-size: 50px;color: #ffffff;\" ><\/i><\/span>[vc_empty_space height=\u00bb25&#8243;][vc_column_text]<\/p>\n<h2 style=\"text-align: center;\"><span style=\"color: #ffffff;\">Formaci\u00f3n personalizada<br \/>\na medida<\/span><\/h2>\n<p>&nbsp;<\/p>\n<p style=\"text-align: center;\"><span style=\"color: #ffffff;\">Dise\u00f1o y ejecuci\u00f3n de planes de formaci\u00f3n muy efectivos, concentrados y a medida a trav\u00e9s de C\u00e1psulas Formativas.<\/span><\/p>\n<p><span style=\"color: #ffffff;\">\u00a0<\/span>[\/vc_column_text][vc_empty_space height=\u00bb25&#8243;]<a  itemprop=\"url\" href=\"\/es\/que-hacemos\/formacion-personalizada-a-medida\/\" target=\"_self\" data-hover-background-color='#ffffff' data-hover-border-color='#ffffff' data-hover-color='#317222' class=\"qbutton  default\" style=\"color: #ffffff; border-color: #ffffff; background-color: #317222;\">M\u00c1S INFORMACI\u00d3N<\/a>[vc_empty_space height=\u00bb25&#8243;][\/qode_elements_holder_item][\/qode_elements_holder][\/vc_column][\/vc_row]<\/p>\n<\/div>","protected":false},"excerpt":{"rendered":"<p>[vc_row css_animation=\u00bb\u00bb row_type=\u00bbrow\u00bb use_row_as_full_screen_section=\u00bbno\u00bb type=\u00bbfull_width\u00bb angled_section=\u00bbno\u00bb text_align=\u00bbleft\u00bb background_image_as_pattern=\u00bbwithout_pattern\u00bb z_index=\u00bb\u00bb][vc_column][vc_single_image image=\u00bb676&#8243; img_size=\u00bbfull\u00bb alignment=\u00bbcenter\u00bb qode_css_animation=\u00bb\u00bb][\/vc_column][\/vc_row][vc_row css_animation=\u00bb\u00bb row_type=\u00bbrow\u00bb use_row_as_full_screen_section=\u00bbno\u00bb type=\u00bbgrid\u00bb angled_section=\u00bbno\u00bb text_align=\u00bbleft\u00bb background_image_as_pattern=\u00bbwithout_pattern\u00bb z_index=\u00bb\u00bb padding_top=\u00bb15&#8243; padding_bottom=\u00bb50&#8243;][vc_column][vc_column_text] Inicio &gt; Qu\u00e9 hacemos &gt; Formaci\u00f3n personalizada a medida [\/vc_column_text][\/vc_column][\/vc_row][vc_row css_animation=\u00bb\u00bb row_type=\u00bbrow\u00bb use_row_as_full_screen_section=\u00bbno\u00bb type=\u00bbgrid\u00bb angled_section=\u00bbno\u00bb text_align=\u00bbleft\u00bb background_image_as_pattern=\u00bbwithout_pattern\u00bb css=\u00bb.vc_custom_1684905678008{background-position: center !important;background-repeat: no-repeat !important;background-size:&hellip; <a class=\"continue\" href=\"https:\/\/www.100graus.net\/es\/que-hacemos\/formacion-personalizada-a-medida\/\">CONTINUAR >><span> Formaci\u00f3n personalizada a medida<\/span><\/a><\/p>\n","protected":false},"author":1,"featured_media":0,"parent":841,"menu_order":0,"comment_status":"closed","ping_status":"open","template":"full_width.php","meta":{"footnotes":""},"class_list":["post-848","page","type-page","status-publish","hentry"],"_links":{"self":[{"href":"https:\/\/www.100graus.net\/es\/wp-json\/wp\/v2\/pages\/848","targetHints":{"allow":["GET"]}}],"collection":[{"href":"https:\/\/www.100graus.net\/es\/wp-json\/wp\/v2\/pages"}],"about":[{"href":"https:\/\/www.100graus.net\/es\/wp-json\/wp\/v2\/types\/page"}],"author":[{"embeddable":true,"href":"https:\/\/www.100graus.net\/es\/wp-json\/wp\/v2\/users\/1"}],"replies":[{"embeddable":true,"href":"https:\/\/www.100graus.net\/es\/wp-json\/wp\/v2\/comments?post=848"}],"version-history":[{"count":5,"href":"https:\/\/www.100graus.net\/es\/wp-json\/wp\/v2\/pages\/848\/revisions"}],"predecessor-version":[{"id":899,"href":"https:\/\/www.100graus.net\/es\/wp-json\/wp\/v2\/pages\/848\/revisions\/899"}],"up":[{"embeddable":true,"href":"https:\/\/www.100graus.net\/es\/wp-json\/wp\/v2\/pages\/841"}],"wp:attachment":[{"href":"https:\/\/www.100graus.net\/es\/wp-json\/wp\/v2\/media?parent=848"}],"curies":[{"name":"wp","href":"https:\/\/api.w.org\/{rel}","templated":true}]}}