{"id":845,"date":"2023-05-09T10:47:09","date_gmt":"2023-05-09T08:47:09","guid":{"rendered":"https:\/\/www.100graus.net\/?page_id=845"},"modified":"2023-05-24T07:21:26","modified_gmt":"2023-05-24T05:21:26","slug":"implantacion-de-normas-y-consultoria","status":"publish","type":"page","link":"https:\/\/www.100graus.net\/es\/que-hacemos\/implantacion-de-normas-y-consultoria\/","title":{"rendered":"Implantaci\u00f3n de normas y consultor\u00eda"},"content":{"rendered":"<div class=\"wpb-content-wrapper\"><p>[vc_row css_animation=\u00bb\u00bb row_type=\u00bbrow\u00bb use_row_as_full_screen_section=\u00bbno\u00bb type=\u00bbfull_width\u00bb angled_section=\u00bbno\u00bb text_align=\u00bbleft\u00bb background_image_as_pattern=\u00bbwithout_pattern\u00bb z_index=\u00bb\u00bb][vc_column][vc_single_image image=\u00bb676&#8243; img_size=\u00bbfull\u00bb alignment=\u00bbcenter\u00bb qode_css_animation=\u00bb\u00bb][\/vc_column][\/vc_row][vc_row css_animation=\u00bb\u00bb row_type=\u00bbrow\u00bb use_row_as_full_screen_section=\u00bbno\u00bb type=\u00bbgrid\u00bb angled_section=\u00bbno\u00bb text_align=\u00bbleft\u00bb background_image_as_pattern=\u00bbwithout_pattern\u00bb z_index=\u00bb\u00bb padding_top=\u00bb15&#8243; padding_bottom=\u00bb50&#8243;][vc_column][vc_column_text]<\/p>\n<p style=\"text-align: right;\"><a href=\"\/es\/\">Inicio<\/a> &gt; <a href=\"\/es\/que-hacemos\/\">Qu\u00e9 hacemos<\/a> &gt; Implantaci\u00f3n de normas y consultor\u00eda<\/p>\n<p>[\/vc_column_text][\/vc_column][\/vc_row][vc_row css_animation=\u00bb\u00bb row_type=\u00bbrow\u00bb use_row_as_full_screen_section=\u00bbno\u00bb type=\u00bbgrid\u00bb angled_section=\u00bbno\u00bb text_align=\u00bbleft\u00bb background_image_as_pattern=\u00bbwithout_pattern\u00bb css=\u00bb.vc_custom_1684905685667{background-position: center !important;background-repeat: no-repeat !important;background-size: cover !important;}\u00bb z_index=\u00bb\u00bb padding_top=\u00bb25&#8243; padding_bottom=\u00bb75&#8243;][vc_column offset=\u00bbvc_col-md-4&#8243;][vc_column_text]\u00bfQu\u00e9 hacemos?[\/vc_column_text][vc_separator type=\u00bbsmall\u00bb position=\u00bbleft\u00bb color=\u00bb#000000&#8243; thickness=\u00bb1&#8243; up=\u00bb15&#8243; down=\u00bb15&#8243;][vc_column_text]<\/p>\n<h1>IMPLANTACI\u00d3N DE NORMAS Y CONSULTOR\u00cdA<\/h1>\n<p>[\/vc_column_text][vc_empty_space height=\u00bb50&#8243;][vc_column_text]Le ayudamos a resolver dudas sobre las normas de reconocimiento alimentario global (GFSI), APPCC\u2026 y a implantarlas.<\/p>\n<p>&nbsp;<\/p>\n<p>Si como empresa se est\u00e1 planteando certificarse en normas de seguridad alimentaria (IFS, BRCGS o ISO 22.000), podemos ayudarle a planificar e implantar el sistema de gesti\u00f3n necesario para cubrir los requisitos de la norma en cuesti\u00f3n.[\/vc_column_text][vc_empty_space height=\u00bb25&#8243;][\/vc_column][vc_column offset=\u00bbvc_col-md-8&#8243;][vc_single_image image=\u00bb722&#8243; img_size=\u00bbfull\u00bb alignment=\u00bbright\u00bb qode_css_animation=\u00bb\u00bb][vc_empty_space height=\u00bb25&#8243;][\/vc_column][\/vc_row][vc_row css_animation=\u00bb\u00bb row_type=\u00bbrow\u00bb use_row_as_full_screen_section=\u00bbno\u00bb type=\u00bbgrid\u00bb angled_section=\u00bbno\u00bb text_align=\u00bbleft\u00bb background_image_as_pattern=\u00bbwithout_pattern\u00bb z_index=\u00bb\u00bb padding_bottom=\u00bb75&#8243; padding_top=\u00bb25&#8243;][vc_column width=\u00bb1\/3&#8243;][qode_elements_holder number_of_columns=\u00bbone_column\u00bb][qode_elements_holder_item advanced_animations=\u00bbno\u00bb background_color=\u00bb#151415&#8243; item_padding=\u00bb15px 25px 25px 25px\u00bb][vc_empty_space height=\u00bb25&#8243;]<span data-type=\"normal\"  class=\"qode_icon_shortcode  q_font_awsome_icon fa-3x pull-center \" style=\" \"><i class=\"qode_icon_font_awesome fa fa-anchor qode_icon_element\" style=\"font-size: 50px;color: #ffffff;\" ><\/i><\/span>[vc_empty_space height=\u00bb25&#8243;][vc_column_text]<\/p>\n<h2 style=\"text-align: center;\"><span style=\"color: #ffffff;\">Implantaci\u00f3n<br \/>\ny consultor\u00eda<\/span><\/h2>\n<p>[\/vc_column_text][vc_empty_space height=\u00bb50&#8243;][vc_column_text]<span style=\"color: #ffffff;\"><strong>\u00bfQu\u00e9 pasos debemos seguir en nuestra empresa para implantar alguna de estas normas?<\/strong><\/span><\/p>\n<p>&nbsp;<\/p>\n<p><span style=\"color: #ffffff;\">Primeramente debemos identificar qu\u00e9 norma es la m\u00e1s indicada para cada empresa. Despu\u00e9s debemos entender la norma, aplicar los requisitos para el cumplimiento de esta norma y realizar una auditor\u00eda interna para identificar bien las no conformidades y corregirlas. Por \u00faltimo debemos contactar con una empresa de certificaci\u00f3n y programar las fechas de certificaci\u00f3n.<\/span><\/p>\n<p>&nbsp;<\/p>\n<p><span style=\"color: #ffffff;\">DEs de 100graus podemos ayudarle a entender e implantar la norma, adem\u00e1s de ofrecerle formaci\u00f3n y realizar la auditor\u00eda interna.<\/span><\/p>\n<p>&nbsp;<\/p>\n<p><span style=\"color: #ffffff;\">\u00bfOs ayudamos?<\/span>[\/vc_column_text][vc_empty_space height=\u00bb50&#8243;]<a  itemprop=\"url\" href=\"\/es\/contacto\/\" target=\"_self\" data-hover-background-color='#ffffff' data-hover-border-color='#ffffff' data-hover-color='#151415' class=\"qbutton  default\" style=\"color: #ffffff; border-color: #ffffff; background-color: #151415;\">CONTACTA CON NOSOTROS<\/a>[vc_empty_space height=\u00bb25&#8243;][\/qode_elements_holder_item][\/qode_elements_holder][vc_empty_space height=\u00bb25&#8243;][\/vc_column][vc_column width=\u00bb1\/3&#8243;][vc_empty_space height=\u00bb10&#8243; css=\u00bb.vc_custom_1681727643658{background-color: #151415 !important;}\u00bb][qode_elements_holder number_of_columns=\u00bbone_column\u00bb][qode_elements_holder_item advanced_animations=\u00bbno\u00bb background_color=\u00bb#f4f4f4&#8243; item_padding=\u00bb50px 50px 50px 50px\u00bb][vc_column_text]<\/p>\n<h3>IFS (International Featured Standards)<\/h3>\n<p>[\/vc_column_text][vc_separator type=\u00bbsmall\u00bb position=\u00bbleft\u00bb color=\u00bb#000000&#8243; thickness=\u00bb1&#8243; up=\u00bb15&#8243; down=\u00bb50&#8243;][vc_column_text]La certificaci\u00f3n IFS da garant\u00eda de desarrollo de productos y servicios seguros, legales y aut\u00e9nticos con la confianza que proporciona en el mercado. IFS dispone de est\u00e1ndares para toda la cadena alimentaria, fabricaci\u00f3n, log\u00edstica, comercializaci\u00f3n\u2026 Busque la que m\u00e1s se adapte a su empresa.[\/vc_column_text][\/qode_elements_holder_item][\/qode_elements_holder][vc_empty_space height=\u00bb25&#8243;][vc_empty_space height=\u00bb10&#8243; css=\u00bb.vc_custom_1681727658023{background-color: #151415 !important;}\u00bb][qode_elements_holder number_of_columns=\u00bbone_column\u00bb][qode_elements_holder_item advanced_animations=\u00bbno\u00bb background_color=\u00bb#f4f4f4&#8243; item_padding=\u00bb50px 50px 50px 50px\u00bb][vc_column_text]<\/p>\n<h3 class=\"icon_title\">ISO 22000:2018<\/h3>\n<p>[\/vc_column_text][vc_separator type=\u00bbsmall\u00bb position=\u00bbleft\u00bb color=\u00bb#000000&#8243; thickness=\u00bb1&#8243; up=\u00bb15&#8243; down=\u00bb50&#8243;][vc_column_text]La norma ISO 22000:2018 es una de las normas m\u00e1s importantes para la gesti\u00f3n de la seguridad alimentaria y su certificaci\u00f3n es reconocida internacionalmente. Muchas empresas en la industria alimentaria han adoptado la norma ISO 22000:2018 para mejorar su gesti\u00f3n de seguridad alimentaria y demostrar su compromiso con la salud p\u00fablica y la calidad de sus productos.[\/vc_column_text][\/qode_elements_holder_item][\/qode_elements_holder][vc_empty_space height=\u00bb25&#8243;][\/vc_column][vc_column width=\u00bb1\/3&#8243;][vc_empty_space height=\u00bb10&#8243; css=\u00bb.vc_custom_1681727650457{background-color: #151415 !important;}\u00bb][qode_elements_holder number_of_columns=\u00bbone_column\u00bb][qode_elements_holder_item advanced_animations=\u00bbno\u00bb background_color=\u00bb#f4f4f4&#8243; item_padding=\u00bb50px 50px 50px 50px\u00bb][vc_column_text]<\/p>\n<h3>BRCGS (British Retail Consortium Global Standards)<\/h3>\n<p>[\/vc_column_text][vc_separator type=\u00bbsmall\u00bb position=\u00bbleft\u00bb color=\u00bb#000000&#8243; thickness=\u00bb1&#8243; up=\u00bb15&#8243; down=\u00bb50&#8243;][vc_column_text]La norma proporciona un sistema de trabajo que ayuda a producir alimentos seguros, aut\u00e9nticos y legales y satisfacer los requisitos de los clientes. Las empresas que obtienen la certificaci\u00f3n BRCGS pueden demostrar que han establecido un sistema eficaz de gesti\u00f3n de la seguridad alimentaria y que est\u00e1n comprometidas con la calidad y la seguridad de sus productos alimenticios.[\/vc_column_text][\/qode_elements_holder_item][\/qode_elements_holder][vc_empty_space height=\u00bb25&#8243;][vc_empty_space height=\u00bb10&#8243; css=\u00bb.vc_custom_1681727668149{background-color: #151415 !important;}\u00bb][qode_elements_holder number_of_columns=\u00bbone_column\u00bb][qode_elements_holder_item advanced_animations=\u00bbno\u00bb background_color=\u00bb#f4f4f4&#8243; item_padding=\u00bb50px 50px 50px 50px\u00bb][vc_column_text]<\/p>\n<h3 class=\"icon_title\">APPCC (An\u00e1lisis de Peligros y Puntos Cr\u00edticos de Control)<\/h3>\n<p>[\/vc_column_text][vc_separator type=\u00bbsmall\u00bb position=\u00bbleft\u00bb color=\u00bb#000000&#8243; thickness=\u00bb1&#8243; up=\u00bb15&#8243; down=\u00bb50&#8243;][vc_column_text]Los explotadores de las empresas alimentarias deben garantizar, mediante la implantaci\u00f3n de autocontroles basados en la metodolog\u00eda del an\u00e1lisis de peligros y puntos de control cr\u00edtico (APPCC), que los productos que elaboran, transforman o distribuyen son seguros.[\/vc_column_text][\/qode_elements_holder_item][\/qode_elements_holder][\/vc_column][\/vc_row][vc_row css_animation=\u00bb\u00bb row_type=\u00bbrow\u00bb use_row_as_full_screen_section=\u00bbno\u00bb type=\u00bbgrid\u00bb angled_section=\u00bbno\u00bb text_align=\u00bbleft\u00bb background_image_as_pattern=\u00bbwithout_pattern\u00bb css=\u00bb.vc_custom_1681728732850{background-color: #151415 !important;}\u00bb z_index=\u00bb\u00bb padding_top=\u00bb50&#8243; padding_bottom=\u00bb50&#8243; anchor=\u00bbformacio\u00bb][vc_column width=\u00bb3\/4&#8243;][vc_column_text]<span style=\"color: #ffffff;\"><strong>Nos gustar\u00eda que nos explicara qu\u00e9 supone para nuestra empresa la implantaci\u00f3n de una o varias de estas normas en relaci\u00f3n con el tiempo, los costes, las ventajas\u2026<\/strong><\/span>[\/vc_column_text][\/vc_column][vc_column width=\u00bb1\/4&#8243;][vc_empty_space height=\u00bb15&#8243;]<a  itemprop=\"url\" href=\"\/es\/contacto\/\" target=\"_self\" data-hover-background-color='#ffffff' data-hover-border-color='#ffffff' data-hover-color='#151415' class=\"qbutton  default\" style=\"color: #ffffff; border-color: #ffffff; background-color: #151415;\">M\u00c1S INFORMACI\u00d3N<\/a>[\/vc_column][\/vc_row][vc_row css_animation=\u00bb\u00bb row_type=\u00bbrow\u00bb use_row_as_full_screen_section=\u00bbno\u00bb type=\u00bbgrid\u00bb angled_section=\u00bbno\u00bb text_align=\u00bbcenter\u00bb background_image_as_pattern=\u00bbwithout_pattern\u00bb z_index=\u00bb\u00bb padding_top=\u00bb50&#8243; padding_bottom=\u00bb50&#8243;][vc_column width=\u00bb1\/3&#8243;][vc_single_image image=\u00bb700&#8243; img_size=\u00bbfull\u00bb qode_css_animation=\u00bb\u00bb][qode_elements_holder number_of_columns=\u00bbone_column\u00bb][qode_elements_holder_item advanced_animations=\u00bbno\u00bb background_color=\u00bb#a93233&#8243; item_padding=\u00bb15px 25px 25px 25px\u00bb][vc_empty_space height=\u00bb25&#8243;]<span data-type=\"normal\"  class=\"qode_icon_shortcode  q_font_awsome_icon fa-3x pull-center \" style=\" \"><i class=\"qode_icon_font_awesome fa fa-check qode_icon_element\" style=\"font-size: 50px;color: #ffffff;\" ><\/i><\/span>[vc_empty_space height=\u00bb25&#8243;][vc_column_text]<\/p>\n<h2 style=\"text-align: center;\"><span style=\"color: #ffffff;\">Auditor\u00edas internas IFS<br \/>\ny BRCGS<\/span><\/h2>\n<p>&nbsp;<\/p>\n<p style=\"text-align: center;\"><span style=\"color: #ffffff;\">Realizamos auditor\u00edas internas de distintos est\u00e1ndares de seguridad alimentaria con auditores competentes (acreditados IRCA).<\/span><\/p>\n<p><span style=\"color: #ffffff;\">\u00a0<\/span>[\/vc_column_text][vc_empty_space height=\u00bb25&#8243;]<a  itemprop=\"url\" href=\"\/es\/que-hacemos\/auditorias-internas-ifs-y-brcgs\/\" target=\"_self\" data-hover-background-color='#ffffff' data-hover-border-color='#ffffff' data-hover-color='#a93233' class=\"qbutton  default\" style=\"color: #ffffff; border-color: #ffffff; background-color: #a93233;\">M\u00c1S INFORMACI\u00d3N<\/a>[vc_empty_space height=\u00bb25&#8243;][\/qode_elements_holder_item][\/qode_elements_holder][vc_empty_space height=\u00bb25&#8243;][\/vc_column][vc_column width=\u00bb1\/3&#8243;][vc_single_image image=\u00bb720&#8243; img_size=\u00bbfull\u00bb qode_css_animation=\u00bb\u00bb][qode_elements_holder number_of_columns=\u00bbone_column\u00bb][qode_elements_holder_item advanced_animations=\u00bbno\u00bb background_color=\u00bb#151415&#8243; item_padding=\u00bb15px 25px 25px 25px\u00bb][vc_empty_space height=\u00bb25&#8243;]<span data-type=\"normal\"  class=\"qode_icon_shortcode  q_font_awsome_icon fa-3x pull-center \" style=\" \"><i class=\"qode_icon_font_awesome fa fa-anchor qode_icon_element\" style=\"font-size: 50px;color: #ffffff;\" ><\/i><\/span>[vc_empty_space height=\u00bb25&#8243;][vc_column_text]<\/p>\n<h2 style=\"text-align: center;\"><span style=\"color: #ffffff;\">Implantaci\u00f3n de normas<br \/>\ny consultor\u00eda<\/span><\/h2>\n<p>&nbsp;<\/p>\n<p style=\"text-align: center;\"><span style=\"color: #ffffff;\">Le ayudamos a resolver dudas sobre las normas de reconocimiento alimentario global (GFSI), APPCC\u2026 ya implantarlas.<\/span><\/p>\n<p><span style=\"color: #ffffff;\">\u00a0<\/span>[\/vc_column_text][vc_empty_space height=\u00bb25&#8243;]<a  itemprop=\"url\" href=\"\/es\/que-hacemos\/implantacion-de-normas-y-consultoria\/\" target=\"_self\" data-hover-background-color='#ffffff' data-hover-border-color='#ffffff' data-hover-color='#151415' class=\"qbutton  default\" style=\"color: #ffffff; border-color: #ffffff; background-color: #151415;\">M\u00c1S INFORMACI\u00d3N<\/a>[vc_empty_space height=\u00bb25&#8243;][\/qode_elements_holder_item][\/qode_elements_holder][vc_empty_space height=\u00bb25&#8243;][\/vc_column][vc_column width=\u00bb1\/3&#8243;][vc_single_image image=\u00bb655&#8243; img_size=\u00bbfull\u00bb qode_css_animation=\u00bb\u00bb][qode_elements_holder number_of_columns=\u00bbone_column\u00bb][qode_elements_holder_item advanced_animations=\u00bbno\u00bb background_color=\u00bb#317222&#8243; item_padding=\u00bb15px 25px 25px 25px\u00bb][vc_empty_space height=\u00bb25&#8243;]<span data-type=\"normal\"  class=\"qode_icon_shortcode  q_font_awsome_icon fa-3x pull-center \" style=\" \"><i class=\"qode_icon_font_awesome fa fa-question qode_icon_element\" style=\"font-size: 50px;color: #ffffff;\" ><\/i><\/span>[vc_empty_space height=\u00bb25&#8243;][vc_column_text]<\/p>\n<h2 style=\"text-align: center;\"><span style=\"color: #ffffff;\">Formaci\u00f3n personalizada<br \/>\na medida<\/span><\/h2>\n<p>&nbsp;<\/p>\n<p style=\"text-align: center;\"><span style=\"color: #ffffff;\">Dise\u00f1o y ejecuci\u00f3n de planes de formaci\u00f3n muy efectivos, concentrados y a medida a trav\u00e9s de C\u00e1psulas Formativas.<\/span><\/p>\n<p><span style=\"color: #ffffff;\">\u00a0<\/span>[\/vc_column_text][vc_empty_space height=\u00bb25&#8243;]<a  itemprop=\"url\" href=\"\/es\/que-hacemos\/formacion-personalizada-a-medida\/\" target=\"_self\" data-hover-background-color='#ffffff' data-hover-border-color='#ffffff' data-hover-color='#317222' class=\"qbutton  default\" style=\"color: #ffffff; border-color: #ffffff; background-color: #317222;\">M\u00c1S INFORMACI\u00d3N<\/a>[vc_empty_space height=\u00bb25&#8243;][\/qode_elements_holder_item][\/qode_elements_holder][\/vc_column][\/vc_row]<\/p>\n<\/div>","protected":false},"excerpt":{"rendered":"<p>[vc_row css_animation=\u00bb\u00bb row_type=\u00bbrow\u00bb use_row_as_full_screen_section=\u00bbno\u00bb type=\u00bbfull_width\u00bb angled_section=\u00bbno\u00bb text_align=\u00bbleft\u00bb background_image_as_pattern=\u00bbwithout_pattern\u00bb z_index=\u00bb\u00bb][vc_column][vc_single_image image=\u00bb676&#8243; img_size=\u00bbfull\u00bb alignment=\u00bbcenter\u00bb qode_css_animation=\u00bb\u00bb][\/vc_column][\/vc_row][vc_row css_animation=\u00bb\u00bb row_type=\u00bbrow\u00bb use_row_as_full_screen_section=\u00bbno\u00bb type=\u00bbgrid\u00bb angled_section=\u00bbno\u00bb text_align=\u00bbleft\u00bb background_image_as_pattern=\u00bbwithout_pattern\u00bb z_index=\u00bb\u00bb padding_top=\u00bb15&#8243; padding_bottom=\u00bb50&#8243;][vc_column][vc_column_text] Inicio &gt; Qu\u00e9 hacemos &gt; Implantaci\u00f3n de normas y consultor\u00eda [\/vc_column_text][\/vc_column][\/vc_row][vc_row css_animation=\u00bb\u00bb row_type=\u00bbrow\u00bb use_row_as_full_screen_section=\u00bbno\u00bb type=\u00bbgrid\u00bb angled_section=\u00bbno\u00bb text_align=\u00bbleft\u00bb background_image_as_pattern=\u00bbwithout_pattern\u00bb css=\u00bb.vc_custom_1684905685667{background-position: center !important;background-repeat: no-repeat&hellip; <a class=\"continue\" href=\"https:\/\/www.100graus.net\/es\/que-hacemos\/implantacion-de-normas-y-consultoria\/\">CONTINUAR >><span> Implantaci\u00f3n de normas y consultor\u00eda<\/span><\/a><\/p>\n","protected":false},"author":1,"featured_media":0,"parent":841,"menu_order":0,"comment_status":"closed","ping_status":"open","template":"full_width.php","meta":{"footnotes":""},"class_list":["post-845","page","type-page","status-publish","hentry"],"_links":{"self":[{"href":"https:\/\/www.100graus.net\/es\/wp-json\/wp\/v2\/pages\/845","targetHints":{"allow":["GET"]}}],"collection":[{"href":"https:\/\/www.100graus.net\/es\/wp-json\/wp\/v2\/pages"}],"about":[{"href":"https:\/\/www.100graus.net\/es\/wp-json\/wp\/v2\/types\/page"}],"author":[{"embeddable":true,"href":"https:\/\/www.100graus.net\/es\/wp-json\/wp\/v2\/users\/1"}],"replies":[{"embeddable":true,"href":"https:\/\/www.100graus.net\/es\/wp-json\/wp\/v2\/comments?post=845"}],"version-history":[{"count":4,"href":"https:\/\/www.100graus.net\/es\/wp-json\/wp\/v2\/pages\/845\/revisions"}],"predecessor-version":[{"id":900,"href":"https:\/\/www.100graus.net\/es\/wp-json\/wp\/v2\/pages\/845\/revisions\/900"}],"up":[{"embeddable":true,"href":"https:\/\/www.100graus.net\/es\/wp-json\/wp\/v2\/pages\/841"}],"wp:attachment":[{"href":"https:\/\/www.100graus.net\/es\/wp-json\/wp\/v2\/media?parent=845"}],"curies":[{"name":"wp","href":"https:\/\/api.w.org\/{rel}","templated":true}]}}