{"id":843,"date":"2023-05-09T10:22:25","date_gmt":"2023-05-09T08:22:25","guid":{"rendered":"https:\/\/www.100graus.net\/?page_id=843"},"modified":"2023-05-24T07:21:08","modified_gmt":"2023-05-24T05:21:08","slug":"auditorias-internas-ifs-y-brcgs","status":"publish","type":"page","link":"https:\/\/www.100graus.net\/es\/que-hacemos\/auditorias-internas-ifs-y-brcgs\/","title":{"rendered":"Auditories internes IFS i BRCGS"},"content":{"rendered":"<div class=\"wpb-content-wrapper\"><p>[vc_row css_animation=\u00bb\u00bb row_type=\u00bbrow\u00bb use_row_as_full_screen_section=\u00bbno\u00bb type=\u00bbfull_width\u00bb angled_section=\u00bbno\u00bb text_align=\u00bbleft\u00bb background_image_as_pattern=\u00bbwithout_pattern\u00bb z_index=\u00bb\u00bb][vc_column][vc_single_image image=\u00bb676&#8243; img_size=\u00bbfull\u00bb alignment=\u00bbcenter\u00bb qode_css_animation=\u00bb\u00bb][\/vc_column][\/vc_row][vc_row css_animation=\u00bb\u00bb row_type=\u00bbrow\u00bb use_row_as_full_screen_section=\u00bbno\u00bb type=\u00bbgrid\u00bb angled_section=\u00bbno\u00bb text_align=\u00bbleft\u00bb background_image_as_pattern=\u00bbwithout_pattern\u00bb z_index=\u00bb\u00bb padding_top=\u00bb15&#8243; padding_bottom=\u00bb50&#8243;][vc_column][vc_column_text]<\/p>\n<p style=\"text-align: right;\"><a href=\"\/es\/\">Inici<\/a> &gt; <a href=\"\/es\/que-hacemos\/\">Qu\u00e9 hacemos<\/a> &gt; Auditor\u00edas internas IFS y BRCGS<\/p>\n<p>[\/vc_column_text][\/vc_column][\/vc_row][vc_row css_animation=\u00bb\u00bb row_type=\u00bbrow\u00bb use_row_as_full_screen_section=\u00bbno\u00bb type=\u00bbgrid\u00bb angled_section=\u00bbno\u00bb text_align=\u00bbleft\u00bb background_image_as_pattern=\u00bbwithout_pattern\u00bb css=\u00bb.vc_custom_1684905667639{background-position: center !important;background-repeat: no-repeat !important;background-size: cover !important;}\u00bb z_index=\u00bb\u00bb padding_top=\u00bb25&#8243; padding_bottom=\u00bb75&#8243; anchor=\u00bbinici\u00bb][vc_column offset=\u00bbvc_col-md-4&#8243;][vc_column_text]<strong>\u00bfQu\u00e9 hacemos?<\/strong>[\/vc_column_text][vc_separator type=\u00bbsmall\u00bb position=\u00bbleft\u00bb color=\u00bb#000000&#8243; thickness=\u00bb1&#8243; up=\u00bb15&#8243; down=\u00bb15&#8243;][vc_column_text]<\/p>\n<h1>AUDITOR\u00cdAS INTERNAS IFS Y BRCGS<\/h1>\n<p>[\/vc_column_text][vc_empty_space height=\u00bb50&#8243;][vc_column_text]Realizamos auditor\u00edas internas de distintos est\u00e1ndares de seguridad alimentaria con auditores competentes (acreditados IRCA).<\/p>\n<p>&nbsp;<\/p>\n<p>Si como empresa se est\u00e1 planteando certificarse en normas de seguridad alimentaria (IFS, BRCGS o ISO 22.000), podemos ayudarle a planificar e implantar el sistema de gesti\u00f3n necesario para cubrir los requisitos de la norma en cuesti\u00f3n.[\/vc_column_text][vc_empty_space height=\u00bb25&#8243;][\/vc_column][vc_column offset=\u00bbvc_col-md-8&#8243;][vc_single_image image=\u00bb715&#8243; img_size=\u00bbfull\u00bb alignment=\u00bbright\u00bb qode_css_animation=\u00bb\u00bb][vc_empty_space height=\u00bb25&#8243;][\/vc_column][\/vc_row][vc_row css_animation=\u00bb\u00bb row_type=\u00bbrow\u00bb use_row_as_full_screen_section=\u00bbno\u00bb type=\u00bbgrid\u00bb angled_section=\u00bbno\u00bb text_align=\u00bbleft\u00bb background_image_as_pattern=\u00bbwithout_pattern\u00bb z_index=\u00bb\u00bb padding_bottom=\u00bb75&#8243;][vc_column width=\u00bb1\/3&#8243;][qode_elements_holder number_of_columns=\u00bbone_column\u00bb][qode_elements_holder_item advanced_animations=\u00bbno\u00bb background_color=\u00bb#a93233&#8243; item_padding=\u00bb15px 25px 25px 25px\u00bb][vc_empty_space height=\u00bb25&#8243;]<span data-type=\"normal\"  class=\"qode_icon_shortcode  q_font_awsome_icon fa-3x pull-center \" style=\" \"><i class=\"qode_icon_font_awesome fa fa-check qode_icon_element\" style=\"font-size: 50px;color: #ffffff;\" ><\/i><\/span>[vc_empty_space height=\u00bb25&#8243;][vc_column_text]<\/p>\n<h2 style=\"text-align: center;\"><span style=\"color: #ffffff;\">Auditor\u00edas internas<\/span><\/h2>\n<p>[\/vc_column_text][vc_empty_space height=\u00bb50&#8243;][vc_column_text]<span style=\"color: #ffffff;\"><strong>\u00bfPor qu\u00e9 nuestra empresa necesita una auditor\u00eda?<\/strong><\/span><\/p>\n<p>&nbsp;<\/p>\n<p><span style=\"color: #ffffff;\">Proceso sistem\u00e1tico e independiente para realizar la verificaci\u00f3n del cumplimiento de la norma. Especializados en auditor\u00edas de seguridad alimentaria.<\/span>[\/vc_column_text][vc_empty_space height=\u00bb50&#8243;]<a  itemprop=\"url\" href=\"\/es\/contacto\/\" target=\"_self\" data-hover-background-color='#ffffff' data-hover-border-color='#ffffff' data-hover-color='#a93233' class=\"qbutton  default\" style=\"color: #ffffff; border-color: #ffffff; background-color: #a93233;\">CONTACTA CON NOSOTROS<\/a>[vc_empty_space height=\u00bb25&#8243;][\/qode_elements_holder_item][\/qode_elements_holder][vc_empty_space height=\u00bb25&#8243;][\/vc_column][vc_column width=\u00bb1\/3&#8243;][vc_empty_space height=\u00bb10&#8243; css=\u00bb.vc_custom_1681726202685{background-color: #a93233 !important;}\u00bb][qode_elements_holder number_of_columns=\u00bbone_column\u00bb][qode_elements_holder_item advanced_animations=\u00bbno\u00bb background_color=\u00bb#f4f4f4&#8243; item_padding=\u00bb50px 50px 50px 50px\u00bb][vc_column_text]<\/p>\n<h3>Auditor\u00eda IFS (International Featured Standards)<\/h3>\n<p>[\/vc_column_text][vc_separator type=\u00bbsmall\u00bb position=\u00bbleft\u00bb color=\u00bb#000000&#8243; thickness=\u00bb1&#8243; up=\u00bb15&#8243; down=\u00bb50&#8243;][vc_column_text]Es un proceso de evaluaci\u00f3n independiente para empresas que producen alimentos, productos de consumo y otros art\u00edculos relacionados con la salud y la seguridad. El objetivo principal de esta auditor\u00eda es garantizar que los procesos y productos de la empresa cumplen los est\u00e1ndares de seguridad y de calidad establecidos por el IFS.[\/vc_column_text][\/qode_elements_holder_item][\/qode_elements_holder][vc_empty_space height=\u00bb25&#8243;][vc_empty_space height=\u00bb10&#8243; css=\u00bb.vc_custom_1681726202685{background-color: #a93233 !important;}\u00bb][qode_elements_holder number_of_columns=\u00bbone_column\u00bb][qode_elements_holder_item advanced_animations=\u00bbno\u00bb background_color=\u00bb#f4f4f4&#8243; item_padding=\u00bb50px 50px 50px 50px\u00bb][vc_column_text]<\/p>\n<h3 class=\"icon_title\">Auditor\u00eda ISO 22000:2018<\/h3>\n<p>[\/vc_column_text][vc_separator type=\u00bbsmall\u00bb position=\u00bbleft\u00bb color=\u00bb#000000&#8243; thickness=\u00bb1&#8243; up=\u00bb15&#8243; down=\u00bb50&#8243;][vc_column_text]Las empresas que superan una auditor\u00eda ISO 22000:2018 reciben una certificaci\u00f3n que indica que su sistema de gesti\u00f3n de la seguridad alimentaria es efectivo y cumple con los requisitos establecidos por la norma ISO 22000:2018. Esta certificaci\u00f3n puede ser importante para las empresas que desean exportar sus productos al extranjero, ya que muchos pa\u00edses exigen certificaciones de seguridad alimentaria para los productos importados.[\/vc_column_text][\/qode_elements_holder_item][\/qode_elements_holder][vc_empty_space height=\u00bb25&#8243;][\/vc_column][vc_column width=\u00bb1\/3&#8243;][vc_empty_space height=\u00bb10&#8243; css=\u00bb.vc_custom_1681726202685{background-color: #a93233 !important;}\u00bb][qode_elements_holder number_of_columns=\u00bbone_column\u00bb][qode_elements_holder_item advanced_animations=\u00bbno\u00bb background_color=\u00bb#f4f4f4&#8243; item_padding=\u00bb50px 50px 50px 50px\u00bb][vc_column_text]<\/p>\n<h3>Auditor\u00eda BRCGS (British Retail Consortium Global Standards)<\/h3>\n<p>[\/vc_column_text][vc_separator type=\u00bbsmall\u00bb position=\u00bbleft\u00bb color=\u00bb#000000&#8243; thickness=\u00bb1&#8243; up=\u00bb15&#8243; down=\u00bb50&#8243;][vc_column_text]Las auditor\u00edas BRCGS son realizadas por un tercero independiente y est\u00e1n dise\u00f1adas para garantizar que la empresa cumple los est\u00e1ndares establecidos. Esto incluye la revisi\u00f3n de la documentaci\u00f3n de la empresa, las instalaciones de producci\u00f3n y las pr\u00e1cticas de seguridad y calidad alimentaria.[\/vc_column_text][\/qode_elements_holder_item][\/qode_elements_holder][vc_empty_space height=\u00bb25&#8243;][vc_empty_space height=\u00bb10&#8243; css=\u00bb.vc_custom_1681726202685{background-color: #a93233 !important;}\u00bb][qode_elements_holder number_of_columns=\u00bbone_column\u00bb][qode_elements_holder_item advanced_animations=\u00bbno\u00bb background_color=\u00bb#f4f4f4&#8243; item_padding=\u00bb50px 50px 50px 50px\u00bb][vc_column_text]<\/p>\n<h3 class=\"icon_title\">Auditor\u00eda APPCC (An\u00e1lisis de Peligros y Puntos Cr\u00edticos de Control)<\/h3>\n<p>[\/vc_column_text][vc_separator type=\u00bbsmall\u00bb position=\u00bbleft\u00bb color=\u00bb#000000&#8243; thickness=\u00bb1&#8243; up=\u00bb15&#8243; down=\u00bb50&#8243;][vc_column_text]Las auditor\u00edas APPCC son realizadas por un tercero independiente y est\u00e1n dise\u00f1adas para evaluar la implantaci\u00f3n del sistema APPCC en la empresa. Esto incluye la revisi\u00f3n de la documentaci\u00f3n, la identificaci\u00f3n y evaluaci\u00f3n de peligros y puntos de control cr\u00edticos, y la comprobaci\u00f3n de que el sistema APPCC est\u00e1 efectivamente implementado y mantenido en todo el proceso de producci\u00f3n.[\/vc_column_text][\/qode_elements_holder_item][\/qode_elements_holder][\/vc_column][\/vc_row][vc_row css_animation=\u00bb\u00bb row_type=\u00bbrow\u00bb use_row_as_full_screen_section=\u00bbno\u00bb type=\u00bbgrid\u00bb angled_section=\u00bbno\u00bb text_align=\u00bbleft\u00bb background_image_as_pattern=\u00bbwithout_pattern\u00bb css=\u00bb.vc_custom_1683620837312{background-color: #a93233 !important;}\u00bb z_index=\u00bb\u00bb padding_top=\u00bb50&#8243; padding_bottom=\u00bb50&#8243; anchor=\u00bbimplantacio\u00bb][vc_column width=\u00bb3\/4&#8243;][vc_column_text]<span style=\"color: #ffffff;\"><strong>Si no le queda claro qu\u00e9 son todos estos t\u00e9rminos, le ampliamos la informaci\u00f3n a la secci\u00f3n de preguntas frecuentes. Si tampoco lo ve claro, contacte con nosotros a trav\u00e9s del formulario de contacto y le asesoraremos!<\/strong><\/span>[\/vc_column_text][\/vc_column][vc_column width=\u00bb1\/4&#8243;][vc_empty_space height=\u00bb15&#8243;]<a  itemprop=\"url\" href=\"\/es\/faqs\/\" target=\"_self\" data-hover-background-color='#ffffff' data-hover-border-color='#ffffff' data-hover-color='#a93233' class=\"qbutton  default\" style=\"color: #ffffff; border-color: #ffffff; background-color: #a93233;\">CONSULTA LAS FAQs<\/a>[\/vc_column][\/vc_row][vc_row css_animation=\u00bb\u00bb row_type=\u00bbrow\u00bb use_row_as_full_screen_section=\u00bbno\u00bb type=\u00bbgrid\u00bb angled_section=\u00bbno\u00bb text_align=\u00bbcenter\u00bb background_image_as_pattern=\u00bbwithout_pattern\u00bb z_index=\u00bb\u00bb padding_top=\u00bb75&#8243; padding_bottom=\u00bb75&#8243;][vc_column width=\u00bb1\/3&#8243;][vc_single_image image=\u00bb700&#8243; img_size=\u00bbfull\u00bb qode_css_animation=\u00bb\u00bb][qode_elements_holder number_of_columns=\u00bbone_column\u00bb][qode_elements_holder_item advanced_animations=\u00bbno\u00bb background_color=\u00bb#a93233&#8243; item_padding=\u00bb15px 25px 25px 25px\u00bb][vc_empty_space height=\u00bb25&#8243;]<span data-type=\"normal\"  class=\"qode_icon_shortcode  q_font_awsome_icon fa-3x pull-center \" style=\" \"><i class=\"qode_icon_font_awesome fa fa-check qode_icon_element\" style=\"font-size: 50px;color: #ffffff;\" ><\/i><\/span>[vc_empty_space height=\u00bb25&#8243;][vc_column_text]<\/p>\n<h2 style=\"text-align: center;\"><span style=\"color: #ffffff;\">Auditor\u00edas internas IFS<br \/>\ny BRCGS<\/span><\/h2>\n<p>&nbsp;<\/p>\n<p style=\"text-align: center;\"><span style=\"color: #ffffff;\">Realizamos auditor\u00edas internas de distintos est\u00e1ndares de seguridad alimentaria con auditores competentes (acreditados IRCA).<\/span><\/p>\n<p><span style=\"color: #ffffff;\">\u00a0<\/span>[\/vc_column_text][vc_empty_space height=\u00bb25&#8243;]<a  itemprop=\"url\" href=\"\/es\/que-hacemos\/auditorias-internas-ifs-y-brcgs\/\" target=\"_self\" data-hover-background-color='#ffffff' data-hover-border-color='#ffffff' data-hover-color='#a93233' class=\"qbutton  default\" style=\"color: #ffffff; border-color: #ffffff; background-color: #a93233;\">M\u00c1S INFORMACI\u00d3N<\/a>[vc_empty_space height=\u00bb25&#8243;][\/qode_elements_holder_item][\/qode_elements_holder][vc_empty_space height=\u00bb25&#8243;][\/vc_column][vc_column width=\u00bb1\/3&#8243;][vc_single_image image=\u00bb720&#8243; img_size=\u00bbfull\u00bb qode_css_animation=\u00bb\u00bb][qode_elements_holder number_of_columns=\u00bbone_column\u00bb][qode_elements_holder_item advanced_animations=\u00bbno\u00bb background_color=\u00bb#151415&#8243; item_padding=\u00bb15px 25px 25px 25px\u00bb][vc_empty_space height=\u00bb25&#8243;]<span data-type=\"normal\"  class=\"qode_icon_shortcode  q_font_awsome_icon fa-3x pull-center \" style=\" \"><i class=\"qode_icon_font_awesome fa fa-anchor qode_icon_element\" style=\"font-size: 50px;color: #ffffff;\" ><\/i><\/span>[vc_empty_space height=\u00bb25&#8243;][vc_column_text]<\/p>\n<h2 style=\"text-align: center;\"><span style=\"color: #ffffff;\">Implantaci\u00f3n de normas<br \/>\ny consultor\u00eda<\/span><\/h2>\n<p>&nbsp;<\/p>\n<p style=\"text-align: center;\"><span style=\"color: #ffffff;\">Le ayudamos a resolver dudas sobre las normas de reconocimiento alimentario global (GFSI), APPCC\u2026 ya implantarlas.<\/span><\/p>\n<p><span style=\"color: #ffffff;\">\u00a0<\/span>[\/vc_column_text][vc_empty_space height=\u00bb25&#8243;]<a  itemprop=\"url\" href=\"\/es\/que-hacemos\/implantacion-de-normas-y-consultoria\/\" target=\"_self\" data-hover-background-color='#ffffff' data-hover-border-color='#ffffff' data-hover-color='#151415' class=\"qbutton  default\" style=\"color: #ffffff; border-color: #ffffff; background-color: #151415;\">M\u00c1S INFORMACI\u00d3N<\/a>[vc_empty_space height=\u00bb25&#8243;][\/qode_elements_holder_item][\/qode_elements_holder][vc_empty_space height=\u00bb25&#8243;][\/vc_column][vc_column width=\u00bb1\/3&#8243;][vc_single_image image=\u00bb655&#8243; img_size=\u00bbfull\u00bb qode_css_animation=\u00bb\u00bb][qode_elements_holder number_of_columns=\u00bbone_column\u00bb][qode_elements_holder_item advanced_animations=\u00bbno\u00bb background_color=\u00bb#317222&#8243; item_padding=\u00bb15px 25px 25px 25px\u00bb][vc_empty_space height=\u00bb25&#8243;]<span data-type=\"normal\"  class=\"qode_icon_shortcode  q_font_awsome_icon fa-3x pull-center \" style=\" \"><i class=\"qode_icon_font_awesome fa fa-question qode_icon_element\" style=\"font-size: 50px;color: #ffffff;\" ><\/i><\/span>[vc_empty_space height=\u00bb25&#8243;][vc_column_text]<\/p>\n<h2 style=\"text-align: center;\"><span style=\"color: #ffffff;\">Formaci\u00f3n personalizada<br \/>\na medida<\/span><\/h2>\n<p>&nbsp;<\/p>\n<p style=\"text-align: center;\"><span style=\"color: #ffffff;\">Dise\u00f1o y ejecuci\u00f3n de planes de formaci\u00f3n muy efectivos, concentrados y a medida a trav\u00e9s de C\u00e1psulas Formativas.<\/span><\/p>\n<p><span style=\"color: #ffffff;\">\u00a0<\/span>[\/vc_column_text][vc_empty_space height=\u00bb25&#8243;]<a  itemprop=\"url\" href=\"\/es\/que-hacemos\/formacion-personalizada-a-medida\/\" target=\"_self\" data-hover-background-color='#ffffff' data-hover-border-color='#ffffff' data-hover-color='#317222' class=\"qbutton  default\" style=\"color: #ffffff; border-color: #ffffff; background-color: #317222;\">M\u00c1S INFORMACI\u00d3N<\/a>[vc_empty_space height=\u00bb25&#8243;][\/qode_elements_holder_item][\/qode_elements_holder][\/vc_column][\/vc_row]<\/p>\n<\/div>","protected":false},"excerpt":{"rendered":"<p>[vc_row css_animation=\u00bb\u00bb row_type=\u00bbrow\u00bb use_row_as_full_screen_section=\u00bbno\u00bb type=\u00bbfull_width\u00bb angled_section=\u00bbno\u00bb text_align=\u00bbleft\u00bb background_image_as_pattern=\u00bbwithout_pattern\u00bb z_index=\u00bb\u00bb][vc_column][vc_single_image image=\u00bb676&#8243; img_size=\u00bbfull\u00bb alignment=\u00bbcenter\u00bb qode_css_animation=\u00bb\u00bb][\/vc_column][\/vc_row][vc_row css_animation=\u00bb\u00bb row_type=\u00bbrow\u00bb use_row_as_full_screen_section=\u00bbno\u00bb type=\u00bbgrid\u00bb angled_section=\u00bbno\u00bb text_align=\u00bbleft\u00bb background_image_as_pattern=\u00bbwithout_pattern\u00bb z_index=\u00bb\u00bb padding_top=\u00bb15&#8243; padding_bottom=\u00bb50&#8243;][vc_column][vc_column_text] Inici &gt; Qu\u00e9 hacemos &gt; Auditor\u00edas internas IFS y BRCGS [\/vc_column_text][\/vc_column][\/vc_row][vc_row css_animation=\u00bb\u00bb row_type=\u00bbrow\u00bb use_row_as_full_screen_section=\u00bbno\u00bb type=\u00bbgrid\u00bb angled_section=\u00bbno\u00bb text_align=\u00bbleft\u00bb background_image_as_pattern=\u00bbwithout_pattern\u00bb css=\u00bb.vc_custom_1684905667639{background-position: center !important;background-repeat: no-repeat&hellip; <a class=\"continue\" href=\"https:\/\/www.100graus.net\/es\/que-hacemos\/auditorias-internas-ifs-y-brcgs\/\">CONTINUAR >><span> Auditories internes IFS i BRCGS<\/span><\/a><\/p>\n","protected":false},"author":1,"featured_media":0,"parent":841,"menu_order":0,"comment_status":"closed","ping_status":"open","template":"full_width.php","meta":{"footnotes":""},"class_list":["post-843","page","type-page","status-publish","hentry"],"_links":{"self":[{"href":"https:\/\/www.100graus.net\/es\/wp-json\/wp\/v2\/pages\/843","targetHints":{"allow":["GET"]}}],"collection":[{"href":"https:\/\/www.100graus.net\/es\/wp-json\/wp\/v2\/pages"}],"about":[{"href":"https:\/\/www.100graus.net\/es\/wp-json\/wp\/v2\/types\/page"}],"author":[{"embeddable":true,"href":"https:\/\/www.100graus.net\/es\/wp-json\/wp\/v2\/users\/1"}],"replies":[{"embeddable":true,"href":"https:\/\/www.100graus.net\/es\/wp-json\/wp\/v2\/comments?post=843"}],"version-history":[{"count":5,"href":"https:\/\/www.100graus.net\/es\/wp-json\/wp\/v2\/pages\/843\/revisions"}],"predecessor-version":[{"id":898,"href":"https:\/\/www.100graus.net\/es\/wp-json\/wp\/v2\/pages\/843\/revisions\/898"}],"up":[{"embeddable":true,"href":"https:\/\/www.100graus.net\/es\/wp-json\/wp\/v2\/pages\/841"}],"wp:attachment":[{"href":"https:\/\/www.100graus.net\/es\/wp-json\/wp\/v2\/media?parent=843"}],"curies":[{"name":"wp","href":"https:\/\/api.w.org\/{rel}","templated":true}]}}