{"id":819,"date":"2018-02-01T15:01:05","date_gmt":"2018-02-01T13:01:05","guid":{"rendered":"https:\/\/www.100graus.net\/?page_id=819"},"modified":"2023-05-26T07:38:53","modified_gmt":"2023-05-26T05:38:53","slug":"inicio","status":"publish","type":"page","link":"https:\/\/www.100graus.net\/es\/","title":{"rendered":"Inicio"},"content":{"rendered":"<div class=\"wpb-content-wrapper\"><p>[vc_row css_animation=\u00bb\u00bb row_type=\u00bbrow\u00bb use_row_as_full_screen_section=\u00bbno\u00bb type=\u00bbfull_width\u00bb angled_section=\u00bbno\u00bb text_align=\u00bbleft\u00bb background_image_as_pattern=\u00bbwithout_pattern\u00bb css=\u00bb.vc_custom_1684410064001{margin-top: -35px !important;}\u00bb z_index=\u00bb\u00bb padding_bottom=\u00bb50&#8243;][vc_column][vc_single_image image=\u00bb631&#8243; img_size=\u00bbfull\u00bb alignment=\u00bbcenter\u00bb qode_css_animation=\u00bb\u00bb][\/vc_column][\/vc_row][vc_row css_animation=\u00bb\u00bb row_type=\u00bbrow\u00bb use_row_as_full_screen_section=\u00bbno\u00bb type=\u00bbgrid\u00bb angled_section=\u00bbno\u00bb text_align=\u00bbleft\u00bb background_image_as_pattern=\u00bbwithout_pattern\u00bb css=\u00bb.vc_custom_1685079533584{background-position: center !important;background-repeat: no-repeat !important;background-size: cover !important;}\u00bb z_index=\u00bb\u00bb padding_top=\u00bb50&#8243; anchor=\u00bbinici\u00bb][vc_column offset=\u00bbvc_col-md-4&#8243;][vc_column_text]<strong>Implantaci\u00f3n, consultor\u00eda, formaci\u00f3n y auditor\u00edas de los est\u00e1ndares de seguridad alimentaria como IFS, BRCGS e ISO 22.000 y de los sistemas de gesti\u00f3n basados en APPCC<\/strong>[\/vc_column_text][vc_separator type=\u00bbsmall\u00bb position=\u00bbleft\u00bb color=\u00bb#0a0a0a\u00bb up=\u00bb15&#8243; down=\u00bb15&#8243;][vc_column_text]<\/p>\n<h1>SERVICIO INTEGRAL<\/h1>\n<p>[\/vc_column_text][vc_empty_space height=\u00bb50&#8243;][vc_column_text]<strong>100grados Seguridad e innovaci\u00f3n alimentaria<\/strong>\u00a0 somos un proyecto empresarial que tenemos como objetivo asesorar a nuestros clientes para garantizar la seguridad alimentaria y promover la innovaci\u00f3n en el sector.<\/p>\n<p>&nbsp;<\/p>\n<p>Esta iniciativa naci\u00f3 en 2005 y durante todos estos a\u00f1os hemos apostado por el trabajo bien hecho, manteniendo siempre la confidencialidad y sostenibilidad y apostando siempre la cultura de la seguridad alimentaria.[\/vc_column_text][vc_empty_space height=\u00bb50&#8243;]<a  itemprop=\"url\" href=\"\/es\/contacto\/\" target=\"_self\"  class=\"qbutton  default\" style=\"\">CONTACTA CON NOSOTROS<\/a>[vc_empty_space height=\u00bb25&#8243;][\/vc_column][vc_column offset=\u00bbvc_col-md-8&#8243;][vc_single_image image=\u00bb697&#8243; img_size=\u00bbfull\u00bb alignment=\u00bbright\u00bb qode_css_animation=\u00bb\u00bb][vc_empty_space height=\u00bb22px\u00bb][vc_column_text css=\u00bb.vc_custom_1684408806790{padding-left: 30px !important;}\u00bb]<\/p>\n<p style=\"text-align: right;\">La seguridad y la inocuidad alimentaria<br \/>\nest\u00e1 en manos de todos.<\/p>\n<p>[\/vc_column_text][\/vc_column][\/vc_row][vc_row css_animation=\u00bb\u00bb row_type=\u00bbrow\u00bb use_row_as_full_screen_section=\u00bbno\u00bb type=\u00bbgrid\u00bb angled_section=\u00bbno\u00bb text_align=\u00bbleft\u00bb background_image_as_pattern=\u00bbwithout_pattern\u00bb z_index=\u00bb\u00bb padding_top=\u00bb75&#8243; padding_bottom=\u00bb75&#8243;][vc_column][vc_column_text]<\/p>\n<h2>SEGURIDAD ALIMENTARIA PARA EMPRESAS<\/h2>\n<p>[\/vc_column_text][vc_separator type=\u00bbsmall\u00bb position=\u00bbleft\u00bb color=\u00bb#0a0a0a\u00bb up=\u00bb15&#8243; down=\u00bb15&#8243;][vc_column_text]La seguridad alimenticia es crucial para garantizar que los alimentos sean seguros para el consumo humano. La implantaci\u00f3n de las normas de seguridad alimentaria, junto con la formaci\u00f3n y la capacitaci\u00f3n, ayudan a la industria alimentaria a apostar por la mejora continua. \u00bfNos ponemos?[\/vc_column_text][\/vc_column][\/vc_row][vc_row css_animation=\u00bb\u00bb row_type=\u00bbrow\u00bb use_row_as_full_screen_section=\u00bbno\u00bb type=\u00bbgrid\u00bb angled_section=\u00bbno\u00bb text_align=\u00bbcenter\u00bb background_image_as_pattern=\u00bbwithout_pattern\u00bb z_index=\u00bb\u00bb padding_bottom=\u00bb75&#8243;][vc_column width=\u00bb1\/3&#8243;][qode_elements_holder number_of_columns=\u00bbone_column\u00bb][qode_elements_holder_item advanced_animations=\u00bbno\u00bb background_color=\u00bb#a93233&#8243; item_padding=\u00bb15px 25px 25px 25px\u00bb][vc_empty_space height=\u00bb25&#8243;]<span data-type=\"normal\"  class=\"qode_icon_shortcode  q_font_awsome_icon fa-3x pull-center \" style=\" \"><i class=\"qode_icon_font_awesome fa fa-check qode_icon_element\" style=\"font-size: 50px;color: #ffffff;\" ><\/i><\/span>[vc_empty_space height=\u00bb25&#8243;][vc_column_text]<\/p>\n<h2 style=\"text-align: center;\"><span style=\"color: #ffffff;\">Auditor\u00edas internas IFS<br \/>\ny BRCGS<\/span><\/h2>\n<p>&nbsp;<\/p>\n<p style=\"text-align: center;\"><span style=\"color: #ffffff;\">Realizamos auditor\u00edas internas de distintos est\u00e1ndares de seguridad alimentaria con auditores competentes (acreditados IRCA).<\/span><\/p>\n<p><span style=\"color: #ffffff;\">\u00a0<\/span>[\/vc_column_text][vc_empty_space height=\u00bb25&#8243;]<a  itemprop=\"url\" href=\"\/es\/que-hacemos\/auditorias-internas-ifs-y-brcgs\/\" target=\"_self\" data-hover-background-color='#ffffff' data-hover-border-color='#ffffff' data-hover-color='#a93233' class=\"qbutton  default\" style=\"color: #ffffff; border-color: #ffffff; background-color: #a93233;\">M\u00c1S INFORMACI\u00d3N<\/a>[vc_empty_space height=\u00bb25&#8243;][\/qode_elements_holder_item][\/qode_elements_holder][vc_empty_space height=\u00bb25&#8243;][\/vc_column][vc_column width=\u00bb1\/3&#8243;][qode_elements_holder number_of_columns=\u00bbone_column\u00bb][qode_elements_holder_item advanced_animations=\u00bbno\u00bb background_color=\u00bb#151415&#8243; item_padding=\u00bb15px 25px 25px 25px\u00bb][vc_empty_space height=\u00bb25&#8243;]<span data-type=\"normal\"  class=\"qode_icon_shortcode  q_font_awsome_icon fa-3x pull-center \" style=\" \"><i class=\"qode_icon_font_awesome fa fa-anchor qode_icon_element\" style=\"font-size: 50px;color: #ffffff;\" ><\/i><\/span>[vc_empty_space height=\u00bb25&#8243;][vc_column_text]<\/p>\n<h2 style=\"text-align: center;\"><span style=\"color: #ffffff;\">Implantaci\u00f3n<br \/>\nde normas<br \/>\ny consultor\u00eda<\/span><\/h2>\n<p>&nbsp;<\/p>\n<p style=\"text-align: center;\"><span style=\"color: #ffffff;\">Durante el proceso de implantaci\u00f3n IFS\/BRCGS\/ISO y de seguimiento podemos asesorarle.<\/span><\/p>\n<p><span style=\"color: #ffffff;\">\u00a0<\/span>[\/vc_column_text][vc_empty_space height=\u00bb55&#8243;]<a  itemprop=\"url\" href=\"\/es\/que-hacemos\/implantacion-de-normas-y-consultoria\/\" target=\"_self\" data-hover-background-color='#ffffff' data-hover-border-color='#ffffff' data-hover-color='#151415' class=\"qbutton  default\" style=\"color: #ffffff; border-color: #ffffff; background-color: #151415;\">M\u00c1S INFORMACI\u00d3N<\/a>[vc_empty_space height=\u00bb25&#8243;][\/qode_elements_holder_item][\/qode_elements_holder][vc_empty_space height=\u00bb25&#8243;][\/vc_column][vc_column width=\u00bb1\/3&#8243;][qode_elements_holder number_of_columns=\u00bbone_column\u00bb][qode_elements_holder_item advanced_animations=\u00bbno\u00bb background_color=\u00bb#317222&#8243; item_padding=\u00bb15px 25px 25px 25px\u00bb][vc_empty_space height=\u00bb25&#8243;]<span data-type=\"normal\"  class=\"qode_icon_shortcode  q_font_awsome_icon fa-3x pull-center \" style=\" \"><i class=\"qode_icon_font_awesome fa fa-question qode_icon_element\" style=\"font-size: 50px;color: #ffffff;\" ><\/i><\/span>[vc_empty_space height=\u00bb25&#8243;][vc_column_text]<\/p>\n<h2 style=\"text-align: center;\"><span style=\"color: #ffffff;\">Formaci\u00f3n personalizada<br \/>\na medida<\/span><\/h2>\n<p>&nbsp;<\/p>\n<p style=\"text-align: center;\"><span style=\"color: #ffffff;\">Dise\u00f1amos y ejecutamos planes de formaci\u00f3n muy efectivos, concentrados ya medida a trav\u00e9s de C\u00e1psulas Formativas.<\/span><\/p>\n<p><span style=\"color: #ffffff;\">\u00a0<\/span>[\/vc_column_text][vc_empty_space height=\u00bb25&#8243;]<a  itemprop=\"url\" href=\"\/es\/que-hacemos\/formacion-personalizada-a-medida\/\" target=\"_self\" data-hover-background-color='#ffffff' data-hover-border-color='#ffffff' data-hover-color='#317222' class=\"qbutton  default\" style=\"color: #ffffff; border-color: #ffffff; background-color: #317222;\">M\u00c1S INFORMACI\u00d3N<\/a>[vc_empty_space height=\u00bb25&#8243;][\/qode_elements_holder_item][\/qode_elements_holder][\/vc_column][\/vc_row][vc_row css_animation=\u00bb\u00bb row_type=\u00bbrow\u00bb use_row_as_full_screen_section=\u00bbno\u00bb type=\u00bbfull_width\u00bb angled_section=\u00bbno\u00bb text_align=\u00bbleft\u00bb background_image_as_pattern=\u00bbwithout_pattern\u00bb css=\u00bb.vc_custom_1681813162731{margin-bottom: -30px !important;}\u00bb z_index=\u00bb\u00bb padding_top=\u00bb50&#8243;][vc_column][vc_gallery type=\u00bbimage_grid\u00bb images=\u00bb648,646,640,644,650,642&#8243; img_size=\u00bbfull\u00bb onclick=\u00bb\u00bb column_number=\u00bb6&#8243; grayscale=\u00bbno\u00bb images_space=\u00bbgallery_without_space\u00bb][\/vc_column][\/vc_row]<\/p>\n<\/div>","protected":false},"excerpt":{"rendered":"<p>[vc_row css_animation=\u00bb\u00bb row_type=\u00bbrow\u00bb use_row_as_full_screen_section=\u00bbno\u00bb type=\u00bbfull_width\u00bb angled_section=\u00bbno\u00bb text_align=\u00bbleft\u00bb background_image_as_pattern=\u00bbwithout_pattern\u00bb css=\u00bb.vc_custom_1684410064001{margin-top: -35px !important;}\u00bb z_index=\u00bb\u00bb padding_bottom=\u00bb50&#8243;][vc_column][vc_single_image image=\u00bb631&#8243; img_size=\u00bbfull\u00bb alignment=\u00bbcenter\u00bb qode_css_animation=\u00bb\u00bb][\/vc_column][\/vc_row][vc_row css_animation=\u00bb\u00bb row_type=\u00bbrow\u00bb use_row_as_full_screen_section=\u00bbno\u00bb type=\u00bbgrid\u00bb angled_section=\u00bbno\u00bb text_align=\u00bbleft\u00bb background_image_as_pattern=\u00bbwithout_pattern\u00bb css=\u00bb.vc_custom_1685079533584{background-position: center !important;background-repeat: no-repeat !important;background-size: cover !important;}\u00bb z_index=\u00bb\u00bb padding_top=\u00bb50&#8243; anchor=\u00bbinici\u00bb][vc_column offset=\u00bbvc_col-md-4&#8243;][vc_column_text]Implantaci\u00f3n, consultor\u00eda, formaci\u00f3n y auditor\u00edas de los est\u00e1ndares de seguridad alimentaria&hellip; <a class=\"continue\" href=\"https:\/\/www.100graus.net\/es\/\">CONTINUAR >><span> Inicio<\/span><\/a><\/p>\n","protected":false},"author":1,"featured_media":0,"parent":0,"menu_order":0,"comment_status":"closed","ping_status":"open","template":"full_width.php","meta":{"footnotes":""},"class_list":["post-819","page","type-page","status-publish","hentry"],"_links":{"self":[{"href":"https:\/\/www.100graus.net\/es\/wp-json\/wp\/v2\/pages\/819","targetHints":{"allow":["GET"]}}],"collection":[{"href":"https:\/\/www.100graus.net\/es\/wp-json\/wp\/v2\/pages"}],"about":[{"href":"https:\/\/www.100graus.net\/es\/wp-json\/wp\/v2\/types\/page"}],"author":[{"embeddable":true,"href":"https:\/\/www.100graus.net\/es\/wp-json\/wp\/v2\/users\/1"}],"replies":[{"embeddable":true,"href":"https:\/\/www.100graus.net\/es\/wp-json\/wp\/v2\/comments?post=819"}],"version-history":[{"count":5,"href":"https:\/\/www.100graus.net\/es\/wp-json\/wp\/v2\/pages\/819\/revisions"}],"predecessor-version":[{"id":905,"href":"https:\/\/www.100graus.net\/es\/wp-json\/wp\/v2\/pages\/819\/revisions\/905"}],"wp:attachment":[{"href":"https:\/\/www.100graus.net\/es\/wp-json\/wp\/v2\/media?parent=819"}],"curies":[{"name":"wp","href":"https:\/\/api.w.org\/{rel}","templated":true}]}}